{"id":4112,"date":"2022-01-03T12:37:22","date_gmt":"2022-01-03T09:37:22","guid":{"rendered":"https:\/\/www.moritechrobot.com\/tesekkurler\/"},"modified":"2022-01-03T12:43:31","modified_gmt":"2022-01-03T09:43:31","slug":"thanks","status":"publish","type":"page","link":"https:\/\/moritechrobot.com\/en\/thanks\/","title":{"rendered":"Thanks"},"content":{"rendered":"<section class=\"wpb-content-wrapper\"><p>[vc_row css=&#8221;.vc_custom_1641202812638{margin-bottom: 50px !important;}&#8221;][vc_column][vc_custom_heading text=&#8221;Your message and request have reached us, thank you.&#8221; font_container=&#8221;tag:h2|text_align:center&#8221; use_theme_fonts=&#8221;yes&#8221;][vc_column_text]<\/p>\n<p style=\"text-align: center;\">Thank you very much for your interest. Our related colleagues will return to you regarding your request.<\/p>\n<p>[\/vc_column_text][\/vc_column][\/vc_row][vc_row][vc_column width=&#8221;1\/6&#8243;][\/vc_column][vc_column width=&#8221;2\/3&#8243;]<ul class=\"iconlist iconlist iconlist-icon-medium aligncenter\"><li><div ><div class=\"iconlist-item-icon\"><i class=\"icon-phone\"><\/i><\/div><div class=\"iconlist-item-content\"><h4>Phone<\/h4><p>+90 (216) 304 10 45<\/div><\/div><\/li><li><div ><div class=\"iconlist-item-icon\"><i class=\"icon-map-pin\"><\/i><\/div><div class=\"iconlist-item-content\"><h4>Address<\/h4><p>Tepe\u00f6ren Mh. \u0130TOSB 4. Cd. No:29 34959 Tuzla, \u0130stanbul &#8211; TURKEY<\/div><\/div><\/li><li><div ><div class=\"iconlist-item-icon\"><i class=\"icon-envelope\"><\/i><\/div><div class=\"iconlist-item-content\"><h4>E-Mail<\/h4><p><a href=\"mailto:info@moritech.com.tr\">info@moritech.com.tr<\/a><\/div><\/div><\/li><\/ul>[vc_empty_space height=&#8221;20px&#8221;][\/vc_column][vc_column width=&#8221;1\/6&#8243;][\/vc_column][\/vc_row][vc_row full_width=&#8221;stretch_row_content_no_spaces&#8221;][vc_column][vc_raw_html]JTNDaWZyYW1lJTIwc3JjJTNEJTIyaHR0cHMlM0ElMkYlMkZ3d3cuZ29vZ2xlLmNvbSUyRm1hcHMlMkZlbWJlZCUzRnBiJTNEJTIxMW0xOCUyMTFtMTIlMjExbTMlMjExZDMwMTYuNTcxOTY2NzIyNDYyJTIxMmQyOS40MDc4OTAwMTU2NTkyJTIxM2Q0MC44ODEyNjY3MzUxNzkzNSUyMTJtMyUyMTFmMCUyMTJmMCUyMTNmMCUyMTNtMiUyMTFpMTAyNCUyMTJpNzY4JTIxNGYxMy4xJTIxM20zJTIxMW0yJTIxMXMweDE0Y2FkODM5NjUxYWFlZDElMjUzQTB4ZDVkMDhlNWEyYmRkMzdiOSUyMTJzTW9yaXRlY2glMjUyMFJvYm90JTI1MjBUZWtub2xvamlsZXJpJTI1MjBPdG9tYXN5b24lMjUyMENvcnAuJTIxNWUwJTIxM20yJTIxMXN0ciUyMTJzdHIlMjE0djE1NzA2OTQxOTczMzMlMjE1bTIlMjExc3RyJTIxMnN0ciUyMiUyMHdpZHRoJTNEJTIyMTAwJTI1JTIyJTIwaGVpZ2h0JTNEJTIyNDUwJTIyJTIwZnJhbWVib3JkZXIlM0QlMjIwJTIyJTIwc3R5bGUlM0QlMjJib3JkZXIlM0EwJTNCJTIyJTIwYWxsb3dmdWxsc2NyZWVuJTNEJTIyJTIyJTNFJTNDJTJGaWZyYW1lJTNF[\/vc_raw_html][\/vc_column][\/vc_row]<\/p>\n<\/section>","protected":false},"excerpt":{"rendered":"<p>[vc_row css=&#8221;.vc_custom_1641202812638{margin-bottom: 50px !important;}&#8221;][vc_column][vc_custom_heading text=&#8221;Your message and request have reached us, thank you.&#8221; font_container=&#8221;tag:h2|text_align:center&#8221; use_theme_fonts=&#8221;yes&#8221;][vc_column_text] Thank you very much for your interest. Our related colleagues will return to you regarding your request. [\/vc_column_text][\/vc_column][\/vc_row][vc_row][vc_column width=&#8221;1\/6&#8243;][\/vc_column][vc_column width=&#8221;2\/3&#8243;][vc_empty_space height=&#8221;20px&#8221;][\/vc_column][vc_column width=&#8221;1\/6&#8243;][\/vc_column][\/vc_row][vc_row full_width=&#8221;stretch_row_content_no_spaces&#8221;][vc_column][vc_raw_html]JTNDaWZyYW1lJTIwc3JjJTNEJTIyaHR0cHMlM0ElMkYlMkZ3d3cuZ29vZ2xlLmNvbSUyRm1hcHMlMkZlbWJlZCUzRnBiJTNEJTIxMW0xOCUyMTFtMTIlMjExbTMlMjExZDMwMTYuNTcxOTY2NzIyNDYyJTIxMmQyOS40MDc4OTAwMTU2NTkyJTIxM2Q0MC44ODEyNjY3MzUxNzkzNSUyMTJtMyUyMTFmMCUyMTJmMCUyMTNmMCUyMTNtMiUyMTFpMTAyNCUyMTJpNzY4JTIxNGYxMy4xJTIxM20zJTIxMW0yJTIxMXMweDE0Y2FkODM5NjUxYWFlZDElMjUzQTB4ZDVkMDhlNWEyYmRkMzdiOSUyMTJzTW9yaXRlY2glMjUyMFJvYm90JTI1MjBUZWtub2xvamlsZXJpJTI1MjBPdG9tYXN5b24lMjUyMENvcnAuJTIxNWUwJTIxM20yJTIxMXN0ciUyMTJzdHIlMjE0djE1NzA2OTQxOTczMzMlMjE1bTIlMjExc3RyJTIxMnN0ciUyMiUyMHdpZHRoJTNEJTIyMTAwJTI1JTIyJTIwaGVpZ2h0JTNEJTIyNDUwJTIyJTIwZnJhbWVib3JkZXIlM0QlMjIwJTIyJTIwc3R5bGUlM0QlMjJib3JkZXIlM0EwJTNCJTIyJTIwYWxsb3dmdWxsc2NyZWVuJTNEJTIyJTIyJTNFJTNDJTJGaWZyYW1lJTNF[\/vc_raw_html][\/vc_column][\/vc_row]<\/p>\n","protected":false},"author":5,"featured_media":0,"parent":0,"menu_order":0,"comment_status":"closed","ping_status":"closed","template":"","meta":{"_joinchat":[],"footnotes":""},"class_list":["post-4112","page","type-page","status-publish","hentry"],"_links":{"self":[{"href":"https:\/\/moritechrobot.com\/en\/wp-json\/wp\/v2\/pages\/4112","targetHints":{"allow":["GET"]}}],"collection":[{"href":"https:\/\/moritechrobot.com\/en\/wp-json\/wp\/v2\/pages"}],"about":[{"href":"https:\/\/moritechrobot.com\/en\/wp-json\/wp\/v2\/types\/page"}],"author":[{"embeddable":true,"href":"https:\/\/moritechrobot.com\/en\/wp-json\/wp\/v2\/users\/5"}],"replies":[{"embeddable":true,"href":"https:\/\/moritechrobot.com\/en\/wp-json\/wp\/v2\/comments?post=4112"}],"version-history":[{"count":1,"href":"https:\/\/moritechrobot.com\/en\/wp-json\/wp\/v2\/pages\/4112\/revisions"}],"predecessor-version":[{"id":4113,"href":"https:\/\/moritechrobot.com\/en\/wp-json\/wp\/v2\/pages\/4112\/revisions\/4113"}],"wp:attachment":[{"href":"https:\/\/moritechrobot.com\/en\/wp-json\/wp\/v2\/media?parent=4112"}],"curies":[{"name":"wp","href":"https:\/\/api.w.org\/{rel}","templated":true}]}}